{"id":576,"date":"2025-11-19T21:20:33","date_gmt":"2025-11-19T20:20:33","guid":{"rendered":"https:\/\/sarinaeichin.ch\/?page_id=576"},"modified":"2025-11-19T21:22:40","modified_gmt":"2025-11-19T20:22:40","slug":"impressum","status":"publish","type":"page","link":"https:\/\/sarinaeichin.ch\/index.php\/impressum\/","title":{"rendered":"Impressum"},"content":{"rendered":"\t\t<div data-elementor-type=\"wp-page\" data-elementor-id=\"576\" class=\"elementor elementor-576\" data-elementor-post-type=\"page\">\n\t\t\t\t<div class=\"elementor-element elementor-element-d8d31d2 e-flex e-con-boxed e-con e-parent\" data-id=\"d8d31d2\" data-element_type=\"container\" data-e-type=\"container\">\n\t\t\t\t\t<div class=\"e-con-inner\">\n\t\t\t\t<div class=\"elementor-element elementor-element-aebe6ad elementor-widget elementor-widget-spacer\" data-id=\"aebe6ad\" data-element_type=\"widget\" data-e-type=\"widget\" data-widget_type=\"spacer.default\">\n\t\t\t\t\t\t\t<div class=\"elementor-spacer\">\n\t\t\t<div class=\"elementor-spacer-inner\"><\/div>\n\t\t<\/div>\n\t\t\t\t\t\t<\/div>\n\t\t\t\t<div class=\"elementor-element elementor-element-64b77d7 elementor-widget elementor-widget-text-editor\" data-id=\"64b77d7\" data-element_type=\"widget\" data-e-type=\"widget\" data-widget_type=\"text-editor.default\">\n\t\t\t\t\t\t\t\t\t<h2 data-start=\"161\" data-end=\"177\"><strong data-start=\"164\" data-end=\"177\">Impressum<\/strong><\/h2><p data-start=\"179\" data-end=\"319\"><strong data-start=\"179\" data-end=\"228\">Verantwortlich f\u00fcr den Inhalt dieser Website:<\/strong><br data-start=\"228\" data-end=\"231\" \/><strong data-start=\"231\" data-end=\"248\">Sarina Eichin<\/strong><br data-start=\"248\" data-end=\"251\" \/>Privatperson<br data-start=\"287\" data-end=\"290\" \/>8330 Pf\u00e4ffikon ZH<br data-start=\"307\" data-end=\"310\" \/>Schweiz<\/p><p data-start=\"321\" data-end=\"368\"><strong data-start=\"321\" data-end=\"333\">Kontakt:<\/strong><br data-start=\"333\" data-end=\"336\" \/>E-Mail: <strong data-start=\"344\" data-end=\"368\"><a class=\"decorated-link cursor-pointer\" rel=\"noopener\" data-start=\"346\" data-end=\"366\">info@sarinaeichin.ch<\/a><\/strong><\/p><hr data-start=\"370\" data-end=\"373\" \/><h3 data-start=\"375\" data-end=\"401\">\u00a0<\/h3><h3 data-start=\"375\" data-end=\"401\"><strong data-start=\"379\" data-end=\"401\">Haftungsausschluss<\/strong><\/h3><p data-start=\"403\" data-end=\"595\"><strong data-start=\"403\" data-end=\"426\">Haftung f\u00fcr Inhalte<\/strong><br data-start=\"426\" data-end=\"429\" \/>Die Inhalte dieser Website wurden mit gr\u00f6sster Sorgfalt erstellt. F\u00fcr die Richtigkeit, Vollst\u00e4ndigkeit und Aktualit\u00e4t der Inhalte wird jedoch keine Gew\u00e4hr \u00fcbernommen.<\/p><p data-start=\"597\" data-end=\"790\"><strong data-start=\"597\" data-end=\"618\">Haftung f\u00fcr Links<\/strong><br data-start=\"618\" data-end=\"621\" \/>Diese Website enth\u00e4lt m\u00f6glicherweise Links zu externen Webseiten Dritter, auf deren Inhalte kein Einfluss besteht. F\u00fcr diese Inhalte wird keine Verantwortung \u00fcbernommen.<\/p><hr data-start=\"792\" data-end=\"795\" \/><h3 data-start=\"797\" data-end=\"818\">\u00a0<\/h3><h3 data-start=\"797\" data-end=\"818\"><strong data-start=\"801\" data-end=\"818\">Urheberrechte<\/strong><\/h3><p data-start=\"820\" data-end=\"1075\">Die auf dieser Website ver\u00f6ffentlichten Inhalte, Bilder und Werke unterliegen dem schweizerischen Urheberrecht. Jede Vervielf\u00e4ltigung, Bearbeitung oder Verbreitung ben\u00f6tigt die schriftliche Zustimmung von Sarina Eichin, sofern nicht anders gekennzeichnet.<\/p>\t\t\t\t\t\t\t\t<\/div>\n\t\t\t\t\t<\/div>\n\t\t\t\t<\/div>\n\t\t\t\t<\/div>\n\t\t","protected":false},"excerpt":{"rendered":"<p>Impressum Verantwortlich f\u00fcr den Inhalt dieser Website:Sarina EichinPrivatperson8330 Pf\u00e4ffikon ZHSchweiz Kontakt:E-Mail: info@sarinaeichin.ch \u00a0 Haftungsausschluss Haftung f\u00fcr InhalteDie Inhalte dieser Website wurden mit gr\u00f6sster Sorgfalt erstellt. F\u00fcr die Richtigkeit, Vollst\u00e4ndigkeit und Aktualit\u00e4t der Inhalte wird jedoch keine Gew\u00e4hr \u00fcbernommen. Haftung f\u00fcr LinksDiese Website enth\u00e4lt m\u00f6glicherweise Links zu externen Webseiten Dritter, auf deren Inhalte kein Einfluss besteht. [&hellip;]<\/p>\n","protected":false},"author":1,"featured_media":0,"parent":0,"menu_order":0,"comment_status":"closed","ping_status":"closed","template":"","meta":{"footnotes":""},"class_list":["post-576","page","type-page","status-publish","hentry"],"_links":{"self":[{"href":"https:\/\/sarinaeichin.ch\/index.php\/wp-json\/wp\/v2\/pages\/576","targetHints":{"allow":["GET"]}}],"collection":[{"href":"https:\/\/sarinaeichin.ch\/index.php\/wp-json\/wp\/v2\/pages"}],"about":[{"href":"https:\/\/sarinaeichin.ch\/index.php\/wp-json\/wp\/v2\/types\/page"}],"author":[{"embeddable":true,"href":"https:\/\/sarinaeichin.ch\/index.php\/wp-json\/wp\/v2\/users\/1"}],"replies":[{"embeddable":true,"href":"https:\/\/sarinaeichin.ch\/index.php\/wp-json\/wp\/v2\/comments?post=576"}],"version-history":[{"count":7,"href":"https:\/\/sarinaeichin.ch\/index.php\/wp-json\/wp\/v2\/pages\/576\/revisions"}],"predecessor-version":[{"id":583,"href":"https:\/\/sarinaeichin.ch\/index.php\/wp-json\/wp\/v2\/pages\/576\/revisions\/583"}],"wp:attachment":[{"href":"https:\/\/sarinaeichin.ch\/index.php\/wp-json\/wp\/v2\/media?parent=576"}],"curies":[{"name":"wp","href":"https:\/\/api.w.org\/{rel}","templated":true}]}}